{"id":3,"date":"2025-05-09T16:11:55","date_gmt":"2025-05-09T16:11:55","guid":{"rendered":"https:\/\/guilexparts.com\/?page_id=3"},"modified":"2025-11-27T16:30:36","modified_gmt":"2025-11-27T16:30:36","slug":"%d8%b3%d9%8a%d8%a7%d8%b3%d8%a9-%d8%a7%d9%84%d8%ae%d8%b5%d9%88%d8%b5%d9%8a%d8%a9","status":"publish","type":"page","link":"https:\/\/guilexparts.com\/ar\/%d8%b3%d9%8a%d8%a7%d8%b3%d8%a9-%d8%a7%d9%84%d8%ae%d8%b5%d9%88%d8%b5%d9%8a%d8%a9\/","title":{"rendered":"\u0633\u064a\u0627\u0633\u0629 \u0627\u0644\u062e\u0635\u0648\u0635\u064a\u0629"},"content":{"rendered":"<div id=\"gap-138675317\" class=\"gap-element clearfix\" style=\"display:block; height:auto;\">\n\t\t\n<style>\n#gap-138675317 {\n  padding-top: 30px;\n}\n<\/style>\n\t<\/div>\n\t\n<div class=\"row row-small\"  id=\"row-823031774\">\n\n\t<div id=\"col-1241505947\" class=\"col small-12 large-12\"  >\n\t\t\t\t<div class=\"col-inner\"  >\n\t\t\t\n\t\t\t\n\t<div id=\"text-3086988652\" class=\"text\">\n\t\t\n<h1><strong>\ud83d\udd12 Gizlilik Politikas\u0131<\/strong><\/h1>\n<p>\u0642\u0637\u0639 \u063a\u064a\u0627\u0631 Guilex \u0647\u064a \u0627\u0644\u062d\u0644 \u0627\u0644\u0623\u0645\u062b\u0644 \u0644\u0627\u0633\u062a\u0628\u062f\u0627\u0644 \u0642\u0637\u0639 \u063a\u064a\u0627\u0631 Guilex. Bu Gizlilik Politikas\u0131\u060c \u0645\u0648\u0642\u0639 \u0627\u0644\u0648\u064a\u0628 (<a href=\"https:\/\/guilexparts.com\/ar\/\">www.guilexparts.com<\/a>) ziyaret etti\u011finizde Hangi ki\u015fisel verilerin topland\u0131\u011f\u0131n\u0131, nas\u0131l kullan\u0131ld\u0131\u011f\u0131n\u0131 ve korundu\u011funu a\u00e7\u0131klamaktad\u0131r.<\/p>\n<p>\u062a\u0648\u0628\u0644\u0627\u0646\u0627\u0646 \u0641\u064a\u0631\u064a\u0644\u0631<\/p>\n<p>\u0645\u0648\u0642\u0639 \u0627\u0644\u0648\u064a\u0628: \u0632\u064a\u0627\u0631\u0629 \u0627\u0644\u0645\u0648\u0642\u0639 \u0627\u0644\u0625\u0644\u0643\u062a\u0631\u0648\u0646\u064a \u0627\u0644\u062a\u0627\u0644\u064a:<\/p>\n<ul class=\"wp-block-list\">\n<li>Ad, soyad, ileti\u015fim bilgileri (e-posta, telefon vb.)<\/li>\n<li>\u0639\u0646\u0648\u0627\u0646 IP \u0648\u0639\u0646\u0648\u0627\u0646 IP<\/li>\n<li>\u0645\u0648\u0642\u0639 i\u00e7i gezinme ve kullan\u0131m verileri (\u00e7erezler arac\u0131l\u0131\u011f\u0131yla)<\/li>\n<\/ul>\n<p>Verilerin Kullan\u0131m Ama\u00e7lar\u0131<\/p>\n<p>Toplad\u0131\u011f\u0131m\u0131z veriler a\u015fa\u011f\u0131daki ama\u00e7larla kullan\u0131labilir:<\/p>\n<ul class=\"wp-block-list\">\n<li>\u062e\u062f\u0645\u0629 kalitesinin art\u0131r\u0131lmas\u0131<\/li>\n<li>Taleplerinize yan\u0131t verilmesi<\/li>\n<li>\u0628\u0627\u0632\u0627\u0631\u0644\u0627\u0645\u0627 \u0648\u0628\u064a\u0644\u062c\u064a\u0644\u064a\u0646\u062f\u064a\u0631\u0645 \u0625\u0644\u064a\u062a\u064a\u0634\u064a\u0645\u064a (onay\u0131n\u0131z varsa)<\/li>\n<li>Yasal y\u00fck\u00fcml\u00fcklerin yerine getirilmesi<\/li>\n<\/ul>\n<p>Verilerin Korunmas\u0131<\/p>\n<p>\u062a\u0645 \u0627\u0644\u062a\u062d\u0642\u0642 \u0645\u0646 \u0635\u062d\u0629 \u0647\u0630\u0647 \u0627\u0644\u0645\u0639\u0644\u0648\u0645\u0627\u062a\u060c \u0648\u0645\u0639 \u0630\u0644\u0643\u060c \u0641\u0625\u0646\u0643 \u062a\u062d\u062a\u0627\u062c \u0625\u0644\u0649 \u062a\u0637\u0648\u064a\u0631 \u062a\u0642\u0646\u064a\u0627\u062a \u062c\u062f\u064a\u062f\u0629 \u0648\u0625\u062f\u0627\u0631\u062a\u0647\u0627 \u0628\u0634\u0643\u0644 \u0641\u0639\u0627\u0644.<\/p>\n<p>\u00dc\u00e7\u00fcnc\u00fc Taraflarla Payla\u015f\u0131m<\/p>\n<p>Ki\u015fisel verileriniz, yaln\u0131zca mevzuata uygun olarak ve gerekli oldu\u011fu durumlarda is ortaklar\u0131m\u0131zla veya yasal mercilerle payla\u015f\u0131labilir.<\/p>\n<p>Haklar\u0131n\u0131z<\/p>\n<p>KVKK kapsam\u0131nda a\u015fa\u011f\u0131daki haklara sahipsiniz:<\/p>\n<ul class=\"wp-block-list\">\n<li>Ki\u015fisel verilerin islenip i\u015flenmedi\u011fini \u00f6\u011frenme<\/li>\n<li>\u015flenen verilerle ilgili bilgi Talep etme<\/li>\n<li>Verilerin d\u00fczeltilmesini veya silinmesini isteme<\/li>\n<li>\u0131tiraz etme ve zaar durumunda tazminattalep etme<\/li>\n<\/ul>\n<p>Talepleriniz i\u00e7in bizimle info@guilexparts.com adresinden ileti\u015fime ge\u00e7ebilirsiniz.<\/p>\n<hr class=\"wp-block-separator has-alpha-channel-opacity\" \/>\n<h1><strong>\ud83c\udf6a \u00c7erez Politikas\u0131<\/strong><\/h1>\n<p>\u064a\u0642\u0648\u0645 \u0645\u0648\u0642\u0639 \u0627\u0644\u0648\u064a\u0628 \u0628\u062d\u0630\u0641 \u0645\u0644\u0641\u0627\u062a \u062a\u0639\u0631\u064a\u0641 \u0627\u0644\u0627\u0631\u062a\u0628\u0627\u0637 \u0648\u062a\u062d\u0644\u064a\u0644 \u0628\u064a\u0627\u0646\u0627\u062a \u0645\u0644\u0641\u0627\u062a \u062a\u0639\u0631\u064a\u0641 \u0627\u0644\u0627\u0631\u062a\u0628\u0627\u0637 (\u0645\u0644\u0641 \u062a\u0639\u0631\u064a\u0641 \u0627\u0644\u0627\u0631\u062a\u0628\u0627\u0637). Bu cerez Politikas\u0131\u060c cerezlerin nas\u0131l ve neden kullan\u0131ld\u0131\u011f\u0131n\u0131 a\u00e7\u0131klamaktad\u0131r.<\/p>\n<p>\u00c7erez Nedir?<\/p>\n<p>\u0645\u0646 \u062e\u0644\u0627\u0644 \u0632\u064a\u0627\u0631\u0629 \u0645\u0648\u0627\u0642\u0639 \u0627\u0644\u0648\u064a\u0628\u060c \u064a\u0645\u0643\u0646\u0643 \u0632\u064a\u0627\u0631\u0629 \u0645\u0648\u0627\u0642\u0639 \u0627\u0644\u0648\u064a\u0628 \u0627\u0644\u062a\u064a \u0642\u0645\u062a \u0628\u0632\u064a\u0627\u0631\u062a\u0647\u0627. Ziyaret etti\u011finiz sayfalar ve tercihlerinizi hat\u0131rlayarak daha iyi bir hizmet sunar.<\/p>\n<p>Kullan\u0131lan \u00c7erez T\u00fcrleri<\/p>\n<ul class=\"wp-block-list\">\n<li>Zorunlu cherezler: \u0645\u0648\u0627\u0642\u0639 \u0627\u0644\u0648\u064a\u0628 \u0627\u0644\u062a\u064a \u064a\u062a\u0645 \u062a\u0634\u063a\u064a\u0644\u0647\u0627 \u0628\u0648\u0627\u0633\u0637\u0629 \u0645\u0648\u0627\u0642\u0639 \u0627\u0644\u0648\u064a\u0628.<\/li>\n<li>\u062a\u062d\u0644\u064a\u0644\u0627\u062a \u062a\u0634\u064a\u0631\u0632\u0644\u0631: Kullan\u0131c\u0131 davran\u0131\u015flar\u0131n\u0131 analiz ederek siteyi geli\u015ftirmimize yard\u0131mc\u0131 olur.<\/li>\n<li>Fonksiyonel cherezler: Tercihlerinizi hat\u0131rlar\u060c ki\u015fiselle\u015ftirme sa\u011flar.<\/li>\n<li>Reklam cerezleri: ILgi alanlar\u0131n\u0131za y\u00f6nelik reklamlar sunar.<\/li>\n<\/ul>\n<p>\u00c7erezleri Y\u00f6netme<\/p>\n<p>Taray\u0131c\u0131n\u0131z\u0131n ayarlar\u0131 \u00fczerinden cerezleri kontrol edebilir\u060c silebilir \u0623\u0648 engelleyebilirsiniz. Ancak baz\u0131 \u00e7erezleri devre d\u0131\u015f\u0131 b\u0131rakmak, site Performanceans\u0131n\u0131 etkileyebilir.<\/p>\n\t\t\n<style>\n#text-3086988652 {\n  font-size: 1.3rem;\n  line-height: 0.95;\n  text-align: left;\n}\n<\/style>\n\t<\/div>\n\t\n\t\t<\/div>\n\t\t\t\t\t<\/div>\n\n\t\n\n<style>\n#row-823031774 > .col > .col-inner {\n  background-color: #f1f1f1;\n}\n<\/style>\n<\/div>","protected":false},"excerpt":{"rendered":"","protected":false},"author":1,"featured_media":0,"parent":0,"menu_order":0,"comment_status":"closed","ping_status":"closed","template":"","meta":{"_acf_changed":false,"_joinchat":[],"footnotes":""},"class_list":["post-3","page","type-page","status-publish","hentry"],"acf":[],"_links":{"self":[{"href":"https:\/\/guilexparts.com\/ar\/wp-json\/wp\/v2\/pages\/3","targetHints":{"allow":["GET"]}}],"collection":[{"href":"https:\/\/guilexparts.com\/ar\/wp-json\/wp\/v2\/pages"}],"about":[{"href":"https:\/\/guilexparts.com\/ar\/wp-json\/wp\/v2\/types\/page"}],"author":[{"embeddable":true,"href":"https:\/\/guilexparts.com\/ar\/wp-json\/wp\/v2\/users\/1"}],"replies":[{"embeddable":true,"href":"https:\/\/guilexparts.com\/ar\/wp-json\/wp\/v2\/comments?post=3"}],"version-history":[{"count":1,"href":"https:\/\/guilexparts.com\/ar\/wp-json\/wp\/v2\/pages\/3\/revisions"}],"predecessor-version":[{"id":1329,"href":"https:\/\/guilexparts.com\/ar\/wp-json\/wp\/v2\/pages\/3\/revisions\/1329"}],"wp:attachment":[{"href":"https:\/\/guilexparts.com\/ar\/wp-json\/wp\/v2\/media?parent=3"}],"curies":[{"name":"\u0648\u0648\u0631\u062f\u0628\u0631\u064a\u0633","href":"https:\/\/api.w.org\/{rel}","templated":true}]}}