{"id":3,"date":"2025-05-09T16:11:55","date_gmt":"2025-05-09T16:11:55","guid":{"rendered":"https:\/\/guilexparts.com\/?page_id=3"},"modified":"2025-11-27T16:30:36","modified_gmt":"2025-11-27T16:30:36","slug":"%d0%bf%d0%be%d0%bb%d0%b8%d1%82%d0%b8%d0%ba%d0%b0-%d0%ba%d0%be%d0%bd%d1%84%d0%b8%d0%b4%d0%b5%d0%bd%d1%86%d0%b8%d0%b0%d0%bb%d1%8c%d0%bd%d0%be%d1%81%d1%82%d0%b8","status":"publish","type":"page","link":"https:\/\/guilexparts.com\/ru\/%d0%bf%d0%be%d0%bb%d0%b8%d1%82%d0%b8%d0%ba%d0%b0-%d0%ba%d0%be%d0%bd%d1%84%d0%b8%d0%b4%d0%b5%d0%bd%d1%86%d0%b8%d0%b0%d0%bb%d1%8c%d0%bd%d0%be%d1%81%d1%82%d0%b8\/","title":{"rendered":"\u043f\u043e\u043b\u0438\u0442\u0438\u043a\u0430 \u043a\u043e\u043d\u0444\u0438\u0434\u0435\u043d\u0446\u0438\u0430\u043b\u044c\u043d\u043e\u0441\u0442\u0438"},"content":{"rendered":"<div id=\"gap-1259337545\" class=\"gap-element clearfix\" style=\"display:block; height:auto;\">\n\t\t\n<style>\n#gap-1259337545 {\n  padding-top: 30px;\n}\n<\/style>\n\t<\/div>\n\t\n<div class=\"row row-small\"  id=\"row-1869553177\">\n\n\t<div id=\"col-178323231\" class=\"col small-12 large-12\"  >\n\t\t\t\t<div class=\"col-inner\"  >\n\t\t\t\n\t\t\t\n\t<div id=\"text-3622312423\" class=\"text\">\n\t\t\n<h1><strong>\ud83d\udd12 Gizlilik Politikas\u0131<\/strong><\/h1>\n<p>Guilex Parts olarak, ziyaret\u00e7ilerimizin gizlili\u011fini korumay\u0131 ilke ediniyoruz. Bu Gizlilik Politikas\u0131, \u0432\u0435\u0431-\u0441\u0430\u0439\u0442 (<a href=\"https:\/\/guilexparts.com\/ru\/\">www.guilexparts.com<\/a>) ziyaret etti\u011finizde Hangi ki\u015fisel verilerin topland\u0131\u011f\u0131n\u0131, nas\u0131l kullan\u0131ld\u0131\u011f\u0131n\u0131 ve korundu\u011funu a\u00e7\u0131klamaktad\u0131r.<\/p>\n<p>\u0422\u043e\u043f\u043b\u0430\u043d\u0430\u043d \u0412\u0435\u0440\u0438\u043b\u0435\u0440<\/p>\n<p>\u0412\u0435\u0431-\u0441\u0430\u0439\u0442mizi ziyaret etti\u011finizde a\u015fa\u011f\u0131daki veriler toplanabilir:<\/p>\n<ul class=\"wp-block-list\">\n<li>Ad, soyad, ileti\u015fim bilgileri (\u044d\u043b\u0435\u043a\u0442\u0440\u043e\u043d\u043d\u0430\u044f \u043f\u043e\u0447\u0442\u0430, \u0442\u0435\u043b\u0435\u0444\u043e\u043d vb.)<\/li>\n<li>IP-\u0430\u0434\u0440\u0435\u0441 \u0438 \u0434\u0430\u043d\u043d\u044b\u0435 \u043e \u043f\u043e\u043b\u044c\u0437\u043e\u0432\u0430\u0442\u0435\u043b\u044f\u0445<\/li>\n<li>\u0421\u0430\u0439\u0442, \u0433\u0434\u0435 \u043c\u043e\u0436\u043d\u043e \u043d\u0430\u0439\u0442\u0438 \u0438 \u043f\u0440\u043e\u0432\u0435\u0440\u0438\u0442\u044c \u0438\u043d\u0444\u043e\u0440\u043c\u0430\u0446\u0438\u044e (cerezler arac\u0131l\u0131\u011f\u0131yla)<\/li>\n<\/ul>\n<p>\u0412\u0435\u0440\u0438\u043b\u0435\u0440\u0438\u043d \u041a\u0443\u043b\u043b\u0430\u043d\u044b\u043c \u0410\u043c\u0430\u0441\u043b\u0430\u0440\u044b<\/p>\n<p>Toplad\u0131\u011f\u0131m\u0131z veriler a\u015fa\u011f\u0131daki ama\u00e7larla kullan\u0131labilir:<\/p>\n<ul class=\"wp-block-list\">\n<li>\u0425\u0438\u0437\u043c\u0435\u0442 \u041a\u0430\u043b\u0438\u0442\u0435\u0441\u0438\u043d\u0438\u043d \u0430\u0440\u0442\u044b\u0440\u0438\u043b\u043c\u0430\u0441\u044b<\/li>\n<li>Taleplerinize yan\u0131t verilmesi<\/li>\n<li>\u041f\u0430\u0437\u0430\u0440\u043b\u0430\u043c\u0430 \u0438 \u0431\u0438\u043b\u0433\u0438\u043b\u0435\u043d\u0434\u0438\u0440\u043c\u0435 \u0438\u043b\u0435\u0442\u0438\u0448\u0438\u043c\u0438 (\u043e\u043d\u0430\u0439\u044b\u043d\u0438\u0437 \u0432\u0430\u0440\u0441\u0430)<\/li>\n<li>\u042f\u0441\u0430\u043b \u044e\u043a\u044e\u043c\u043b\u044e\u043b\u044e\u043a\u043b\u0435\u0440\u0438\u043d \u0439\u0440\u0438\u043d\u0435 \u0433\u0435\u0442\u0438\u0440\u0438\u043b\u043c\u0435\u0441\u0438<\/li>\n<\/ul>\n<p>Verilerin Korunmas\u0131<\/p>\n<p>Ki\u015fisel verileriniz, Yetkisiz eri\u015fime kar\u015f\u0131 korunmak amac\u0131yla gerekli teknik ve idari g\u00fcvenlik \u00f6nlemleri al\u0131narak saklan\u0131r.<\/p>\n<p>\u00dc\u00e7\u00fcnc\u00fc Taraflarla Payla\u015f\u0131m<\/p>\n<p>\u0415\u0441\u043b\u0438 \u0432\u044b \u0445\u043e\u0442\u0438\u0442\u0435 \u0443\u0431\u0435\u0434\u0438\u0442\u044c\u0441\u044f \u0432 \u044d\u0442\u043e\u043c, \u0432\u044b \u043c\u043e\u0436\u0435\u0442\u0435 \u0441\u0434\u0435\u043b\u0430\u0442\u044c \u044d\u0442\u043e, \u0430 \u0442\u0430\u043a\u0436\u0435 \u0438\u0441\u043f\u043e\u043b\u044c\u0437\u043e\u0432\u0430\u0442\u044c \u0441\u0442\u0430\u0440\u043e\u0435 \u043e\u0431\u043e\u0440\u0443\u0434\u043e\u0432\u0430\u043d\u0438\u0435, \u043a\u043e\u0442\u043e\u0440\u043e\u0435 \u044f\u0432\u043b\u044f\u0435\u0442\u0441\u044f \u043e\u0440\u0442\u0430\u043a\u043b\u0430\u0440\u044b\u043c\u0438\u0437\u043b\u0430, \u0438 \u0432\u044b \u043c\u043e\u0436\u0435\u0442\u0435 \u043f\u043e\u043b\u0443\u0447\u0438\u0442\u044c \u043c\u0438\u043b\u043e\u0441\u0435\u0440\u0434\u0438\u0435.<\/p>\n<p>\u0425\u0430\u043a\u043b\u0430\u0440\u044b\u043d\u0438\u0437<\/p>\n<p>KVKK kapsam\u0131nda a\u015fa\u011f\u0131daki haklara sahipsiniz:<\/p>\n<ul class=\"wp-block-list\">\n<li>Ki\u015fisel verilerin i\u015flenip i\u015flenmedi\u011fini \u00f6\u011frenme<\/li>\n<li>\u0130\u015flenen verilerle ilgili bilgi talep etme<\/li>\n<li>Verilerin d\u00fczeltilmesini veya silinmesini isteme<\/li>\n<li>\u0130tiraz etme ve zarar durumunda tazminat Talep etme<\/li>\n<\/ul>\n<p>\u041f\u043e\u0436\u0430\u043b\u0443\u0439\u0441\u0442\u0430, \u0441\u0432\u044f\u0436\u0438\u0442\u0435\u0441\u044c \u0441 \u043d\u0430\u043c\u0438 \u043f\u043e \u0430\u0434\u0440\u0435\u0441\u0443 info@guilexparts.com \u043f\u043e \u0430\u0434\u0440\u0435\u0441\u0443, \u0443\u043a\u0430\u0437\u0430\u043d\u043d\u043e\u043c\u0443 \u0432 \u0441\u043e\u043e\u0431\u0449\u0435\u043d\u0438\u0438.<\/p>\n<hr class=\"wp-block-separator has-alpha-channel-opacity\" \/>\n<h1><strong>\ud83c\udf6a \u00c7erez Politikas\u0131<\/strong><\/h1>\n<p>\u0412\u0435\u0431-\u0441\u0430\u0439\u0442\u044b, \u0444\u0430\u0439\u043b\u044b cookie \u0441\u043e\u0434\u0435\u0440\u0436\u0430\u0442 \u043c\u0438\u043d\u0438-\u0444\u0430\u0439\u043b\u044b \u0438 \u0430\u043d\u0430\u043b\u0438\u0437\u0438\u0440\u0443\u044e\u0442\u0441\u044f \u0444\u0430\u0439\u043b\u044b cookie (cookie). \u0412 \u0440\u0430\u043c\u043a\u0430\u0445 \u043f\u043e\u043b\u0438\u0442\u0438\u0447\u0435\u0441\u043a\u043e\u0439 \u043f\u043e\u043b\u0438\u0442\u0438\u043a\u0438, \u043b\u0438\u0434\u0435\u0440\u044b \u0431\u044b\u043b\u0438 \u0432\u044b\u043d\u0443\u0436\u0434\u0435\u043d\u044b \u0441\u0434\u0435\u043b\u0430\u0442\u044c \u0432\u0441\u0435 \u0432\u043e\u0437\u043c\u043e\u0436\u043d\u043e\u0435, \u0447\u0442\u043e\u0431\u044b \u0434\u043e\u0431\u0438\u0442\u044c\u0441\u044f \u0443\u0441\u043f\u0435\u0445\u0430.<\/p>\n<p>\u00c7erez Nedir?<\/p>\n<p>\u0421\u0435\u0440\u0435\u0437\u043b\u0435\u0440, ziyaret etti\u011finiz \u0432\u0435\u0431-\u0441\u0430\u0439\u0442\u044b taraf\u0131ndan taray\u0131c\u0131n\u0131za yerle\u015ftirilen k\u00fc\u00e7\u00fck metin dosyalar\u0131d\u0131r. Ziyaret etti\u011finiz Sayfalar ve tercihlerinizi Hat\u0131rlayarak daha Iyi Bir Hizmet Sunar.<\/p>\n<p>Kullan\u0131lan \u00c7erez T\u00fcrleri<\/p>\n<ul class=\"wp-block-list\">\n<li>\u0417\u043e\u0440\u0443\u043d\u043b\u0443 \u0421\u0435\u0440\u0435\u0437\u043b\u0435\u0440: \u0412\u0435\u0431-\u0441\u0430\u0439\u0442\u044b \u0432 \u0440\u0430\u0437\u043d\u044b\u0445 \u043c\u0435\u0441\u0442\u0430\u0445 \u043d\u0430\u0445\u043e\u0434\u044f\u0442\u0441\u044f \u0432 \u043e\u0442\u043a\u0440\u044b\u0442\u043e\u043c \u0434\u043e\u0441\u0442\u0443\u043f\u0435.<\/li>\n<li>\u0410\u043d\u0430\u043b\u0438\u0442\u0438\u043a \u0427\u0435\u0440\u0435\u0437\u043b\u0435\u0440: \u041a\u0443\u043b\u043b\u0430\u043d\u044b\u0447\u0438 \u0434\u0430\u0432\u0440\u0430\u043d\u044b\u0448\u043b\u0430\u0440\u0438\u043d\u044b \u0430\u043d\u0430\u043b\u0438\u0437 \u044d\u0434\u0435\u0440\u0435\u043a \u0441\u0438\u0442\u0435\u0439\u0438 \u0433\u0435\u043b\u0438\u0448\u0442\u0438\u0440\u043c\u0438\u0437\u044d \u044f\u0440\u0434\u044b\u043c\u0434\u0436\u0438 \u043e\u043b\u0443\u0440.<\/li>\n<li>\u0424\u043e\u043d\u043a\u0441\u0438\u043e\u043d\u0435\u043b\u044c \u0427\u0435\u0440\u0435\u0437\u043b\u0435\u0440: Tercihlerinizi Hat\u0131rlar, ki\u015fiselle\u015ftirme Sa\u011flar.<\/li>\n<li>\u0420\u0435\u043a\u043b\u0430\u043c\u0430: \u0130lgi alanlar\u0131n\u0131za y\u00f6nelik reklamlar sunar.<\/li>\n<\/ul>\n<p>\u00c7erezleri Y\u00f6netme<\/p>\n<p>\u0415\u0441\u043b\u0438 \u0432\u044b \u0445\u043e\u0442\u0438\u0442\u0435 \u043a\u043e\u043d\u0442\u0440\u043e\u043b\u0438\u0440\u043e\u0432\u0430\u0442\u044c \u0440\u0430\u0431\u043e\u0442\u0443 \u0443\u0441\u0442\u0440\u043e\u0439\u0441\u0442\u0432\u0430, \u0432\u044b \u043c\u043e\u0436\u0435\u0442\u0435 \u0430\u043a\u0442\u0438\u0432\u0438\u0440\u043e\u0432\u0430\u0442\u044c \u0435\u0433\u043e \u0432 \u0440\u0435\u0436\u0438\u043c\u0435 \u043e\u043d\u043b\u0430\u0439\u043d. Ancak baz\u0131 cerezleri devre di\u015f\u0131 b\u0131rakmak, \u0441\u0430\u0439\u0442, \u0440\u0430\u0431\u043e\u0442\u0430\u044e\u0449\u0438\u0439 \u043d\u0430 \u0434\u0440\u0443\u0433\u0438\u0445 \u043f\u043b\u043e\u0449\u0430\u0434\u043a\u0430\u0445.<\/p>\n\t\t\n<style>\n#text-3622312423 {\n  font-size: 1.3rem;\n  line-height: 0.95;\n  text-align: left;\n}\n<\/style>\n\t<\/div>\n\t\n\t\t<\/div>\n\t\t\t\t\t<\/div>\n\n\t\n\n<style>\n#row-1869553177 > .col > .col-inner {\n  background-color: #f1f1f1;\n}\n<\/style>\n<\/div>","protected":false},"excerpt":{"rendered":"","protected":false},"author":1,"featured_media":0,"parent":0,"menu_order":0,"comment_status":"closed","ping_status":"closed","template":"","meta":{"_acf_changed":false,"_joinchat":[],"footnotes":""},"class_list":["post-3","page","type-page","status-publish","hentry"],"acf":[],"_links":{"self":[{"href":"https:\/\/guilexparts.com\/ru\/wp-json\/wp\/v2\/pages\/3","targetHints":{"allow":["GET"]}}],"collection":[{"href":"https:\/\/guilexparts.com\/ru\/wp-json\/wp\/v2\/pages"}],"about":[{"href":"https:\/\/guilexparts.com\/ru\/wp-json\/wp\/v2\/types\/page"}],"author":[{"embeddable":true,"href":"https:\/\/guilexparts.com\/ru\/wp-json\/wp\/v2\/users\/1"}],"replies":[{"embeddable":true,"href":"https:\/\/guilexparts.com\/ru\/wp-json\/wp\/v2\/comments?post=3"}],"version-history":[{"count":1,"href":"https:\/\/guilexparts.com\/ru\/wp-json\/wp\/v2\/pages\/3\/revisions"}],"predecessor-version":[{"id":1329,"href":"https:\/\/guilexparts.com\/ru\/wp-json\/wp\/v2\/pages\/3\/revisions\/1329"}],"wp:attachment":[{"href":"https:\/\/guilexparts.com\/ru\/wp-json\/wp\/v2\/media?parent=3"}],"curies":[{"name":"WP","href":"https:\/\/api.w.org\/{rel}","templated":true}]}}